{"id":280,"date":"2026-02-23T19:18:37","date_gmt":"2026-02-23T19:18:37","guid":{"rendered":"https:\/\/m.centralhoteles.site\/?page_id=280"},"modified":"2026-02-26T17:46:53","modified_gmt":"2026-02-26T17:46:53","slug":"hotels","status":"publish","type":"page","link":"https:\/\/m.centralhoteles.site\/index.php\/en\/hotels\/","title":{"rendered":"Hotels"},"content":{"rendered":"\n<div class=\"wp-block-uagb-separator uagb-block-67d8605a\"><div class=\"wp-block-uagb-separator__inner\" style=\"--my-background-image:\"><\/div><\/div>\n\n\n\n<div class=\"wp-block-uagb-advanced-heading uagb-block-e2a307e4\"><h1 class=\"uagb-heading-text\">Hotel Z\u00f3calo Central<\/h1><\/div>\n\n\n\n<div class=\"wp-block-uagb-separator uagb-block-a36af0e1\"><div class=\"wp-block-uagb-separator__inner\" style=\"--my-background-image:\"><\/div><\/div>\n\n\n\n<div class=\"wp-block-uagb-container uagb-block-e5cb50b1 alignfull uagb-is-root-container\"><div class=\"uagb-container-inner-blocks-wrap\">\n<figure class=\"wp-block-gallery has-nested-images columns-default is-cropped wp-block-gallery-1 is-layout-flex wp-block-gallery-is-layout-flex\">\n<figure class=\"wp-block-image size-full has-custom-border is-style-default\"><img loading=\"lazy\" decoding=\"async\" width=\"516\" height=\"516\" data-id=\"636\" src=\"https:\/\/m.centralhoteles.site\/wp-content\/uploads\/2026\/02\/ZCC-2.jpg\" alt=\"\" class=\"has-border-color has-black-border-color wp-image-636\" style=\"border-width:11px\" srcset=\"https:\/\/m.centralhoteles.site\/wp-content\/uploads\/2026\/02\/ZCC-2.jpg 516w, https:\/\/m.centralhoteles.site\/wp-content\/uploads\/2026\/02\/ZCC-2-300x300.jpg 300w, https:\/\/m.centralhoteles.site\/wp-content\/uploads\/2026\/02\/ZCC-2-150x150.jpg 150w\" sizes=\"auto, (max-width: 516px) 100vw, 516px\" \/><\/figure>\n\n\n\n<figure class=\"wp-block-image size-full has-custom-border is-style-default\"><img loading=\"lazy\" decoding=\"async\" width=\"523\" height=\"523\" data-id=\"638\" src=\"https:\/\/m.centralhoteles.site\/wp-content\/uploads\/2026\/02\/ZCC1-2.jpg\" alt=\"\" class=\"has-border-color has-black-border-color wp-image-638\" style=\"border-width:11px\" srcset=\"https:\/\/m.centralhoteles.site\/wp-content\/uploads\/2026\/02\/ZCC1-2.jpg 523w, https:\/\/m.centralhoteles.site\/wp-content\/uploads\/2026\/02\/ZCC1-2-300x300.jpg 300w, https:\/\/m.centralhoteles.site\/wp-content\/uploads\/2026\/02\/ZCC1-2-150x150.jpg 150w\" sizes=\"auto, (max-width: 523px) 100vw, 523px\" \/><\/figure>\n\n\n\n<figure class=\"wp-block-image size-full has-custom-border is-style-default\"><img loading=\"lazy\" decoding=\"async\" width=\"1348\" height=\"1200\" data-id=\"639\" src=\"https:\/\/m.centralhoteles.site\/wp-content\/uploads\/2026\/02\/1-2.jpg\" alt=\"\" class=\"has-border-color has-black-border-color wp-image-639\" style=\"border-width:11px\" srcset=\"https:\/\/m.centralhoteles.site\/wp-content\/uploads\/2026\/02\/1-2.jpg 1348w, https:\/\/m.centralhoteles.site\/wp-content\/uploads\/2026\/02\/1-2-300x267.jpg 300w, https:\/\/m.centralhoteles.site\/wp-content\/uploads\/2026\/02\/1-2-1024x912.jpg 1024w, https:\/\/m.centralhoteles.site\/wp-content\/uploads\/2026\/02\/1-2-768x684.jpg 768w\" sizes=\"auto, (max-width: 1348px) 100vw, 1348px\" \/><\/figure>\n<\/figure>\n\n\n\n<div class=\"wp-block-uagb-separator uagb-block-ff28db2e\"><div class=\"uagb-separator-spacing-wrapper\"><div class=\"wp-block-uagb-separator__inner\" style=\"--my-background-image:\"><\/div><\/div><\/div>\n\n\n\n<div class=\"wp-block-media-text is-stacked-on-mobile has-border-color has-ast-global-color-6-border-color has-white-background-color has-background\" style=\"border-width:21px\"><figure class=\"wp-block-media-text__media\"><img loading=\"lazy\" decoding=\"async\" width=\"1024\" height=\"1024\" src=\"https:\/\/m.centralhoteles.site\/wp-content\/uploads\/2026\/02\/Butler-1024x1024.png\" alt=\"\" class=\"wp-image-283 size-full\" srcset=\"https:\/\/m.centralhoteles.site\/wp-content\/uploads\/2026\/02\/Butler-1024x1024.png 1024w, https:\/\/m.centralhoteles.site\/wp-content\/uploads\/2026\/02\/Butler-300x300.png 300w, https:\/\/m.centralhoteles.site\/wp-content\/uploads\/2026\/02\/Butler-150x150.png 150w, https:\/\/m.centralhoteles.site\/wp-content\/uploads\/2026\/02\/Butler-768x768.png 768w, https:\/\/m.centralhoteles.site\/wp-content\/uploads\/2026\/02\/Butler.png 1080w\" sizes=\"auto, (max-width: 1024px) 100vw, 1024px\" \/><\/figure><div class=\"wp-block-media-text__content\">\n<div class=\"wp-block-uagb-advanced-heading uagb-block-bd224945\"><div class=\"uagb-heading-text\">By simply dialing one button on your room\u2019s phone, you will receive personalized attention 24 hours a day for any request, from room service to tour reservations.<br>&nbsp;<br>Our Butlers embody our service culture, always keeping in mind that our guests are our top priority, and their satisfaction is our ultimate goal.<br>&nbsp;<br>\u2022 Luggage packing and unpacking assistance<br>\u2022 Reservations and recommendations:<br>\u2713 Tours<br>\u2713 Experiences<br>\u2713 Events<br>\u2713 Shows<br>\u2713 Restaurants<br>\u2022 Shopping<br>\u2022 Tailor-made hospitality<\/div><\/div>\n<\/div><\/div>\n\n\n\n<div class=\"wp-block-media-text is-stacked-on-mobile has-border-color has-ast-global-color-6-border-color\" style=\"border-width:21px;margin-top:0;margin-bottom:0;padding-top:0;padding-bottom:0\"><figure class=\"wp-block-media-text__media\"><img loading=\"lazy\" decoding=\"async\" width=\"1024\" height=\"1024\" src=\"https:\/\/m.centralhoteles.site\/wp-content\/uploads\/2026\/02\/Guest-Rooms-1024x1024.jpg\" alt=\"\" class=\"wp-image-285 size-full\" srcset=\"https:\/\/m.centralhoteles.site\/wp-content\/uploads\/2026\/02\/Guest-Rooms-1024x1024.jpg 1024w, https:\/\/m.centralhoteles.site\/wp-content\/uploads\/2026\/02\/Guest-Rooms-300x300.jpg 300w, https:\/\/m.centralhoteles.site\/wp-content\/uploads\/2026\/02\/Guest-Rooms-150x150.jpg 150w, https:\/\/m.centralhoteles.site\/wp-content\/uploads\/2026\/02\/Guest-Rooms-768x768.jpg 768w, https:\/\/m.centralhoteles.site\/wp-content\/uploads\/2026\/02\/Guest-Rooms.jpg 1080w\" sizes=\"auto, (max-width: 1024px) 100vw, 1024px\" \/><\/figure><div class=\"wp-block-media-text__content\">\n<div class=\"wp-block-uagb-advanced-heading uagb-block-a6ca2ab4\"><div class=\"uagb-heading-text\">Housekeeping service is provided while the room is unoccupied to ensure your comfort. Kindly place the \u00abPlease Clean Room\u00bb sign on your door to indicate your preference or contact your Butler to arrange service at a specific time.<br>&nbsp;<br>Laundry and dry-cleaning services are available upon request for an additional charge.<br>&nbsp;<br>An iron and ironing board are available in your closet for your convenience.<\/div><\/div>\n<\/div><\/div>\n\n\n\n<div class=\"wp-block-media-text is-stacked-on-mobile has-border-color has-ast-global-color-6-border-color\" style=\"border-width:21px;margin-top:0;margin-bottom:0\"><figure class=\"wp-block-media-text__media\"><img loading=\"lazy\" decoding=\"async\" width=\"1024\" height=\"1024\" src=\"https:\/\/m.centralhoteles.site\/wp-content\/uploads\/2026\/02\/Non-smocking-policy-1024x1024.jpg\" alt=\"\" class=\"wp-image-286 size-full\" srcset=\"https:\/\/m.centralhoteles.site\/wp-content\/uploads\/2026\/02\/Non-smocking-policy-1024x1024.jpg 1024w, https:\/\/m.centralhoteles.site\/wp-content\/uploads\/2026\/02\/Non-smocking-policy-300x300.jpg 300w, https:\/\/m.centralhoteles.site\/wp-content\/uploads\/2026\/02\/Non-smocking-policy-150x150.jpg 150w, https:\/\/m.centralhoteles.site\/wp-content\/uploads\/2026\/02\/Non-smocking-policy-768x768.jpg 768w, https:\/\/m.centralhoteles.site\/wp-content\/uploads\/2026\/02\/Non-smocking-policy.jpg 1080w\" sizes=\"auto, (max-width: 1024px) 100vw, 1024px\" \/><\/figure><div class=\"wp-block-media-text__content\">\n<div class=\"wp-block-uagb-advanced-heading uagb-block-9ed0ac9a\"><div class=\"uagb-heading-text\">Balc\u00f3n del Z\u00f3calo Restaurant and Z\u00f3calo Central Hotel are entirely smoke-free environments. Smoking is strictly prohibited within the premises.<br>&nbsp;<br>Failure to comply with this policy may result in a USD 100 charge covering specialized cleaning and deodorizing services.<\/div><\/div>\n<\/div><\/div>\n\n\n\n<div class=\"wp-block-media-text is-stacked-on-mobile has-border-color has-ast-global-color-6-border-color\" style=\"border-width:21px;margin-top:0;margin-bottom:0;padding-top:0;padding-bottom:0\"><figure class=\"wp-block-media-text__media\"><img loading=\"lazy\" decoding=\"async\" width=\"1024\" height=\"1024\" src=\"https:\/\/m.centralhoteles.site\/wp-content\/uploads\/2026\/02\/Check-Out-1-1024x1024.jpg\" alt=\"\" class=\"wp-image-289 size-full\" srcset=\"https:\/\/m.centralhoteles.site\/wp-content\/uploads\/2026\/02\/Check-Out-1-1024x1024.jpg 1024w, https:\/\/m.centralhoteles.site\/wp-content\/uploads\/2026\/02\/Check-Out-1-300x300.jpg 300w, https:\/\/m.centralhoteles.site\/wp-content\/uploads\/2026\/02\/Check-Out-1-150x150.jpg 150w, https:\/\/m.centralhoteles.site\/wp-content\/uploads\/2026\/02\/Check-Out-1-768x768.jpg 768w, https:\/\/m.centralhoteles.site\/wp-content\/uploads\/2026\/02\/Check-Out-1.jpg 1080w\" sizes=\"auto, (max-width: 1024px) 100vw, 1024px\" \/><\/figure><div class=\"wp-block-media-text__content\">\n<div class=\"wp-block-uagb-advanced-heading uagb-block-924ef1dc\"><div class=\"uagb-heading-text\">Your Butler will be delighted to assist you with packing your luggage and coordinating your departure. Kindly note that check-out time is 12:00 p.m.<br>&nbsp;<br>Should you wish to extend the comfort of your room, the following late check-out options are available, subject to availability:<br>&nbsp;<br>$800 MXN until 04:00 p.m. (taxes included)<br>$1,470 MXN until 06:00 p.m. (taxes included)<br>&nbsp;<br>Please consult your Butler to verify availability and make the necessary arrangements.<br>&nbsp;<br>For your convenience, complimentary luggage storage is available 24 hours a day.<\/div><\/div>\n<\/div><\/div>\n<\/div><\/div>\n\n\n\n<div class=\"wp-block-uagb-separator uagb-block-aa11dbcd\"><div class=\"uagb-separator-spacing-wrapper\"><div class=\"wp-block-uagb-separator__inner\" style=\"--my-background-image:\"><\/div><\/div><\/div>\n\n\n\n<div class=\"wp-block-uagb-advanced-heading uagb-block-01123ed9\"><h1 class=\"uagb-heading-text\">Hotel Hist\u00f3rico Central<\/h1><\/div>\n\n\n\n<div class=\"wp-block-uagb-separator uagb-block-08a17a13\"><div class=\"wp-block-uagb-separator__inner\" style=\"--my-background-image:\"><\/div><\/div>\n\n\n\n<div class=\"wp-block-uagb-container uagb-block-84b57e06 alignfull uagb-is-root-container\"><div class=\"uagb-container-inner-blocks-wrap\">\n<figure class=\"wp-block-gallery has-nested-images columns-default is-cropped wp-block-gallery-2 is-layout-flex wp-block-gallery-is-layout-flex\">\n<figure class=\"wp-block-image size-full has-custom-border is-style-default\"><img loading=\"lazy\" decoding=\"async\" width=\"2560\" height=\"2560\" data-id=\"616\" src=\"https:\/\/m.centralhoteles.site\/wp-content\/uploads\/2026\/02\/HHC-edited-scaled.jpg\" alt=\"\" class=\"has-border-color has-black-border-color wp-image-616\" style=\"border-width:11px\" srcset=\"https:\/\/m.centralhoteles.site\/wp-content\/uploads\/2026\/02\/HHC-edited-scaled.jpg 2560w, https:\/\/m.centralhoteles.site\/wp-content\/uploads\/2026\/02\/HHC-edited-300x300.jpg 300w, https:\/\/m.centralhoteles.site\/wp-content\/uploads\/2026\/02\/HHC-edited-1024x1024.jpg 1024w, https:\/\/m.centralhoteles.site\/wp-content\/uploads\/2026\/02\/HHC-edited-150x150.jpg 150w, https:\/\/m.centralhoteles.site\/wp-content\/uploads\/2026\/02\/HHC-edited-768x768.jpg 768w, https:\/\/m.centralhoteles.site\/wp-content\/uploads\/2026\/02\/HHC-edited-1536x1536.jpg 1536w, https:\/\/m.centralhoteles.site\/wp-content\/uploads\/2026\/02\/HHC-edited-2048x2048.jpg 2048w\" sizes=\"auto, (max-width: 2560px) 100vw, 2560px\" \/><\/figure>\n\n\n\n<figure class=\"wp-block-image size-full has-custom-border is-style-default\"><img loading=\"lazy\" decoding=\"async\" width=\"940\" height=\"705\" data-id=\"641\" src=\"https:\/\/m.centralhoteles.site\/wp-content\/uploads\/2026\/02\/HHC2-2.jpg\" alt=\"\" class=\"has-border-color has-black-border-color wp-image-641\" style=\"border-width:11px\" srcset=\"https:\/\/m.centralhoteles.site\/wp-content\/uploads\/2026\/02\/HHC2-2.jpg 940w, https:\/\/m.centralhoteles.site\/wp-content\/uploads\/2026\/02\/HHC2-2-300x225.jpg 300w, https:\/\/m.centralhoteles.site\/wp-content\/uploads\/2026\/02\/HHC2-2-768x576.jpg 768w\" sizes=\"auto, (max-width: 940px) 100vw, 940px\" \/><\/figure>\n\n\n\n<figure class=\"wp-block-image size-full has-custom-border is-style-default\"><img loading=\"lazy\" decoding=\"async\" width=\"436\" height=\"436\" data-id=\"640\" src=\"https:\/\/m.centralhoteles.site\/wp-content\/uploads\/2026\/02\/HHC1-3.jpg\" alt=\"\" class=\"has-border-color has-black-border-color wp-image-640\" style=\"border-width:11px\" srcset=\"https:\/\/m.centralhoteles.site\/wp-content\/uploads\/2026\/02\/HHC1-3.jpg 436w, https:\/\/m.centralhoteles.site\/wp-content\/uploads\/2026\/02\/HHC1-3-300x300.jpg 300w, https:\/\/m.centralhoteles.site\/wp-content\/uploads\/2026\/02\/HHC1-3-150x150.jpg 150w\" sizes=\"auto, (max-width: 436px) 100vw, 436px\" \/><\/figure>\n<\/figure>\n\n\n\n<div class=\"wp-block-uagb-separator uagb-block-b19e4044\"><div class=\"uagb-separator-spacing-wrapper\"><div class=\"wp-block-uagb-separator__inner\" style=\"--my-background-image:\"><\/div><\/div><\/div>\n\n\n\n<div class=\"wp-block-media-text is-stacked-on-mobile has-border-color has-ast-global-color-6-border-color has-white-background-color has-background\" style=\"border-width:21px\"><figure class=\"wp-block-media-text__media\"><img loading=\"lazy\" decoding=\"async\" width=\"1024\" height=\"1024\" src=\"https:\/\/m.centralhoteles.site\/wp-content\/uploads\/2026\/02\/Butler-1024x1024.png\" alt=\"\" class=\"wp-image-283 size-full\" srcset=\"https:\/\/m.centralhoteles.site\/wp-content\/uploads\/2026\/02\/Butler-1024x1024.png 1024w, https:\/\/m.centralhoteles.site\/wp-content\/uploads\/2026\/02\/Butler-300x300.png 300w, https:\/\/m.centralhoteles.site\/wp-content\/uploads\/2026\/02\/Butler-150x150.png 150w, https:\/\/m.centralhoteles.site\/wp-content\/uploads\/2026\/02\/Butler-768x768.png 768w, https:\/\/m.centralhoteles.site\/wp-content\/uploads\/2026\/02\/Butler.png 1080w\" sizes=\"auto, (max-width: 1024px) 100vw, 1024px\" \/><\/figure><div class=\"wp-block-media-text__content\">\n<div class=\"wp-block-uagb-advanced-heading uagb-block-826d9d56\"><div class=\"uagb-heading-text\">By simply dialing one button on your room\u2019s phone, you will receive personalized attention 24 hours a day for any request, from room service to tour reservations.<br>&nbsp;<br>Our Butlers embody our service culture, always keeping in mind that our guests are our top priority, and their satisfaction is our ultimate goal.<br>&nbsp;<br>\u2022 Luggage packing and unpacking assistance<br>\u2022 Reservations and recommendations:<br>\u2713 Tours<br>\u2713 Experiences<br>\u2713 Events<br>\u2713 Shows<br>\u2713 Restaurants<br>\u2022 Shopping<br>\u2022 Tailor-made hospitality<\/div><\/div>\n<\/div><\/div>\n\n\n\n<div class=\"wp-block-media-text is-stacked-on-mobile has-border-color has-ast-global-color-6-border-color\" style=\"border-width:21px;margin-top:0;margin-bottom:0;padding-top:0;padding-bottom:0\"><figure class=\"wp-block-media-text__media\"><img loading=\"lazy\" decoding=\"async\" width=\"1024\" height=\"1024\" src=\"https:\/\/m.centralhoteles.site\/wp-content\/uploads\/2026\/02\/Guest-Rooms-1024x1024.jpg\" alt=\"\" class=\"wp-image-285 size-full\" srcset=\"https:\/\/m.centralhoteles.site\/wp-content\/uploads\/2026\/02\/Guest-Rooms-1024x1024.jpg 1024w, https:\/\/m.centralhoteles.site\/wp-content\/uploads\/2026\/02\/Guest-Rooms-300x300.jpg 300w, https:\/\/m.centralhoteles.site\/wp-content\/uploads\/2026\/02\/Guest-Rooms-150x150.jpg 150w, https:\/\/m.centralhoteles.site\/wp-content\/uploads\/2026\/02\/Guest-Rooms-768x768.jpg 768w, https:\/\/m.centralhoteles.site\/wp-content\/uploads\/2026\/02\/Guest-Rooms.jpg 1080w\" sizes=\"auto, (max-width: 1024px) 100vw, 1024px\" \/><\/figure><div class=\"wp-block-media-text__content\">\n<div class=\"wp-block-uagb-advanced-heading uagb-block-0a46090e\"><div class=\"uagb-heading-text\">Housekeeping service is provided while the room is unoccupied  to ensure your comfort. Kindly place the \u00abPlease Clean Room\u00bb sign on your door to indicate your preference or contact your Butler to arrange service at a specific time.<br>&nbsp;<br>Laundry and dry-cleaning services are available upon request for an additional charge.<br>&nbsp;<br>An iron and ironing board are available in your closet for your convenience.<\/div><\/div>\n<\/div><\/div>\n\n\n\n<div class=\"wp-block-media-text is-stacked-on-mobile has-border-color has-ast-global-color-6-border-color\" style=\"border-width:21px;margin-top:0;margin-bottom:0\"><figure class=\"wp-block-media-text__media\"><img loading=\"lazy\" decoding=\"async\" width=\"1024\" height=\"1024\" src=\"https:\/\/m.centralhoteles.site\/wp-content\/uploads\/2026\/02\/Non-smocking-policy-1024x1024.jpg\" alt=\"\" class=\"wp-image-286 size-full\" srcset=\"https:\/\/m.centralhoteles.site\/wp-content\/uploads\/2026\/02\/Non-smocking-policy-1024x1024.jpg 1024w, https:\/\/m.centralhoteles.site\/wp-content\/uploads\/2026\/02\/Non-smocking-policy-300x300.jpg 300w, https:\/\/m.centralhoteles.site\/wp-content\/uploads\/2026\/02\/Non-smocking-policy-150x150.jpg 150w, https:\/\/m.centralhoteles.site\/wp-content\/uploads\/2026\/02\/Non-smocking-policy-768x768.jpg 768w, https:\/\/m.centralhoteles.site\/wp-content\/uploads\/2026\/02\/Non-smocking-policy.jpg 1080w\" sizes=\"auto, (max-width: 1024px) 100vw, 1024px\" \/><\/figure><div class=\"wp-block-media-text__content\">\n<div class=\"wp-block-uagb-advanced-heading uagb-block-f8403987\"><div class=\"uagb-heading-text\">Hist\u00f3rico Central is a smoke-free property, and smoking is prohibited within its premises.<br>&nbsp;<br>Failure to comply with this policy may result in a USD 100 charge covering specialized cleaning and deodorizing services.<\/div><\/div>\n<\/div><\/div>\n\n\n\n<div class=\"wp-block-media-text is-stacked-on-mobile has-border-color has-ast-global-color-6-border-color\" style=\"border-width:21px;margin-top:0;margin-bottom:0;padding-top:0;padding-bottom:0\"><figure class=\"wp-block-media-text__media\"><img loading=\"lazy\" decoding=\"async\" width=\"1024\" height=\"1024\" src=\"https:\/\/m.centralhoteles.site\/wp-content\/uploads\/2026\/02\/Check-Out-1-1024x1024.jpg\" alt=\"\" class=\"wp-image-289 size-full\" srcset=\"https:\/\/m.centralhoteles.site\/wp-content\/uploads\/2026\/02\/Check-Out-1-1024x1024.jpg 1024w, https:\/\/m.centralhoteles.site\/wp-content\/uploads\/2026\/02\/Check-Out-1-300x300.jpg 300w, https:\/\/m.centralhoteles.site\/wp-content\/uploads\/2026\/02\/Check-Out-1-150x150.jpg 150w, https:\/\/m.centralhoteles.site\/wp-content\/uploads\/2026\/02\/Check-Out-1-768x768.jpg 768w, https:\/\/m.centralhoteles.site\/wp-content\/uploads\/2026\/02\/Check-Out-1.jpg 1080w\" sizes=\"auto, (max-width: 1024px) 100vw, 1024px\" \/><\/figure><div class=\"wp-block-media-text__content\">\n<div class=\"wp-block-uagb-advanced-heading uagb-block-11ac34ef\"><div class=\"uagb-heading-text\">Your Butler will be delighted to assist you with packing your luggage and coordinating your departure. Kindly note that check-out time is 12:00 p.m.<br>&nbsp;<br>Should you wish to extend the comfort of your room, the following late check-out options are available, subject to availability:<br>&nbsp;<br>$800 MXN until 04:00 p.m. (taxes included)<br>$1,470 MXN until 06:00 p.m. (taxes included)<br><br>Please consult your Butler to verify availability and make the necessary arrangements.<br>&nbsp;<br>For your convenience, complimentary luggage storage is available 24 hours a day.<\/div><\/div>\n<\/div><\/div>\n<\/div><\/div>\n\n\n\n<div class=\"wp-block-uagb-separator uagb-block-aaf44ce3\"><div class=\"uagb-separator-spacing-wrapper\"><div class=\"wp-block-uagb-separator__inner\" style=\"--my-background-image:\"><\/div><\/div><\/div>\n","protected":false},"excerpt":{"rendered":"<p>Hotel Z\u00f3calo Central By simply dialing one button on your room\u2019s phone, you will receive personalized attention 24 hours a [&hellip;]<\/p>\n","protected":false},"author":1,"featured_media":0,"parent":0,"menu_order":0,"comment_status":"closed","ping_status":"closed","template":"","meta":{"_uag_custom_page_level_css":"","site-sidebar-layout":"default","site-content-layout":"","ast-site-content-layout":"default","site-content-style":"default","site-sidebar-style":"default","ast-global-header-display":"","ast-banner-title-visibility":"","ast-main-header-display":"","ast-hfb-above-header-display":"","ast-hfb-below-header-display":"","ast-hfb-mobile-header-display":"","site-post-title":"disabled","ast-breadcrumbs-content":"","ast-featured-img":"","footer-sml-layout":"","ast-disable-related-posts":"","theme-transparent-header-meta":"","adv-header-id-meta":"","stick-header-meta":"","header-above-stick-meta":"","header-main-stick-meta":"","header-below-stick-meta":"","astra-migrate-meta-layouts":"default","ast-page-background-enabled":"default","ast-page-background-meta":{"desktop":{"background-color":"var(--ast-global-color-5)","background-image":"","background-repeat":"repeat","background-position":"center center","background-size":"auto","background-attachment":"scroll","background-type":"","background-media":"","overlay-type":"","overlay-color":"","overlay-opacity":"","overlay-gradient":""},"tablet":{"background-color":"","background-image":"","background-repeat":"repeat","background-position":"center center","background-size":"auto","background-attachment":"scroll","background-type":"","background-media":"","overlay-type":"","overlay-color":"","overlay-opacity":"","overlay-gradient":""},"mobile":{"background-color":"","background-image":"","background-repeat":"repeat","background-position":"center center","background-size":"auto","background-attachment":"scroll","background-type":"","background-media":"","overlay-type":"","overlay-color":"","overlay-opacity":"","overlay-gradient":""}},"ast-content-background-meta":{"desktop":{"background-color":"var(--ast-global-color-4)","background-image":"","background-repeat":"repeat","background-position":"center center","background-size":"auto","background-attachment":"scroll","background-type":"","background-media":"","overlay-type":"","overlay-color":"","overlay-opacity":"","overlay-gradient":""},"tablet":{"background-color":"var(--ast-global-color-4)","background-image":"","background-repeat":"repeat","background-position":"center center","background-size":"auto","background-attachment":"scroll","background-type":"","background-media":"","overlay-type":"","overlay-color":"","overlay-opacity":"","overlay-gradient":""},"mobile":{"background-color":"var(--ast-global-color-4)","background-image":"","background-repeat":"repeat","background-position":"center center","background-size":"auto","background-attachment":"scroll","background-type":"","background-media":"","overlay-type":"","overlay-color":"","overlay-opacity":"","overlay-gradient":""}},"footnotes":""},"class_list":["post-280","page","type-page","status-publish","hentry"],"uagb_featured_image_src":{"full":false,"thumbnail":false,"medium":false,"medium_large":false,"large":false,"1536x1536":false,"2048x2048":false},"uagb_author_info":{"display_name":"admin","author_link":"https:\/\/m.centralhoteles.site\/index.php\/author\/admin\/"},"uagb_comment_info":0,"uagb_excerpt":"Hotel Z\u00f3calo Central By simply dialing one button on your room\u2019s phone, you will receive personalized attention 24 hours a [&hellip;]","_links":{"self":[{"href":"https:\/\/m.centralhoteles.site\/index.php\/wp-json\/wp\/v2\/pages\/280","targetHints":{"allow":["GET"]}}],"collection":[{"href":"https:\/\/m.centralhoteles.site\/index.php\/wp-json\/wp\/v2\/pages"}],"about":[{"href":"https:\/\/m.centralhoteles.site\/index.php\/wp-json\/wp\/v2\/types\/page"}],"author":[{"embeddable":true,"href":"https:\/\/m.centralhoteles.site\/index.php\/wp-json\/wp\/v2\/users\/1"}],"replies":[{"embeddable":true,"href":"https:\/\/m.centralhoteles.site\/index.php\/wp-json\/wp\/v2\/comments?post=280"}],"version-history":[{"count":25,"href":"https:\/\/m.centralhoteles.site\/index.php\/wp-json\/wp\/v2\/pages\/280\/revisions"}],"predecessor-version":[{"id":643,"href":"https:\/\/m.centralhoteles.site\/index.php\/wp-json\/wp\/v2\/pages\/280\/revisions\/643"}],"wp:attachment":[{"href":"https:\/\/m.centralhoteles.site\/index.php\/wp-json\/wp\/v2\/media?parent=280"}],"curies":[{"name":"wp","href":"https:\/\/api.w.org\/{rel}","templated":true}]}}