{"id":31,"date":"2026-02-09T19:29:14","date_gmt":"2026-02-09T19:29:14","guid":{"rendered":"https:\/\/m.centralhoteles.site\/?page_id=31"},"modified":"2026-02-25T22:37:41","modified_gmt":"2026-02-25T22:37:41","slug":"hotel","status":"publish","type":"page","link":"https:\/\/m.centralhoteles.site\/index.php\/hotel\/","title":{"rendered":"Hotel"},"content":{"rendered":"\n<div class=\"wp-block-uagb-separator uagb-block-82e41ab6\"><div class=\"wp-block-uagb-separator__inner\" style=\"--my-background-image:\"><\/div><\/div>\n\n\n\n<div class=\"wp-block-uagb-advanced-heading uagb-block-e2a307e4\"><h1 class=\"uagb-heading-text\">Hotel Z\u00f3calo Central<\/h1><\/div>\n\n\n\n<div class=\"wp-block-uagb-separator uagb-block-ebf8bcbe\"><div class=\"wp-block-uagb-separator__inner\" style=\"--my-background-image:\"><\/div><\/div>\n\n\n\n<div class=\"wp-block-uagb-separator uagb-block-fd67c2c7\"><div class=\"wp-block-uagb-separator__inner\" style=\"--my-background-image:\"><\/div><\/div>\n\n\n\n<figure class=\"wp-block-gallery has-nested-images columns-default is-cropped wp-block-gallery-1 is-layout-flex wp-block-gallery-is-layout-flex\">\n<figure class=\"wp-block-image size-full has-custom-border is-style-default\"><img loading=\"lazy\" decoding=\"async\" width=\"516\" height=\"516\" data-id=\"612\" src=\"https:\/\/m.centralhoteles.site\/wp-content\/uploads\/2026\/02\/ZCC-1.jpg\" alt=\"\" class=\"has-border-color has-black-border-color wp-image-612\" style=\"border-width:11px\" srcset=\"https:\/\/m.centralhoteles.site\/wp-content\/uploads\/2026\/02\/ZCC-1.jpg 516w, https:\/\/m.centralhoteles.site\/wp-content\/uploads\/2026\/02\/ZCC-1-300x300.jpg 300w, https:\/\/m.centralhoteles.site\/wp-content\/uploads\/2026\/02\/ZCC-1-150x150.jpg 150w\" sizes=\"auto, (max-width: 516px) 100vw, 516px\" \/><\/figure>\n\n\n\n<figure class=\"wp-block-image size-full has-custom-border is-style-default\"><img loading=\"lazy\" decoding=\"async\" width=\"523\" height=\"523\" data-id=\"613\" src=\"https:\/\/m.centralhoteles.site\/wp-content\/uploads\/2026\/02\/ZCC1-1.jpg\" alt=\"\" class=\"has-border-color has-black-border-color wp-image-613\" style=\"border-width:11px\" srcset=\"https:\/\/m.centralhoteles.site\/wp-content\/uploads\/2026\/02\/ZCC1-1.jpg 523w, https:\/\/m.centralhoteles.site\/wp-content\/uploads\/2026\/02\/ZCC1-1-300x300.jpg 300w, https:\/\/m.centralhoteles.site\/wp-content\/uploads\/2026\/02\/ZCC1-1-150x150.jpg 150w\" sizes=\"auto, (max-width: 523px) 100vw, 523px\" \/><\/figure>\n\n\n\n<figure class=\"wp-block-image size-full has-custom-border is-style-default\"><img loading=\"lazy\" decoding=\"async\" width=\"1348\" height=\"1200\" data-id=\"606\" src=\"https:\/\/m.centralhoteles.site\/wp-content\/uploads\/2026\/02\/1-1.jpg\" alt=\"\" class=\"has-border-color has-black-border-color wp-image-606\" style=\"border-width:11px\" srcset=\"https:\/\/m.centralhoteles.site\/wp-content\/uploads\/2026\/02\/1-1.jpg 1348w, https:\/\/m.centralhoteles.site\/wp-content\/uploads\/2026\/02\/1-1-300x267.jpg 300w, https:\/\/m.centralhoteles.site\/wp-content\/uploads\/2026\/02\/1-1-1024x912.jpg 1024w, https:\/\/m.centralhoteles.site\/wp-content\/uploads\/2026\/02\/1-1-768x684.jpg 768w\" sizes=\"auto, (max-width: 1348px) 100vw, 1348px\" \/><\/figure>\n<\/figure>\n\n\n\n<div class=\"wp-block-uagb-separator uagb-block-9510e6a3\"><div class=\"wp-block-uagb-separator__inner\" style=\"--my-background-image:\"><\/div><\/div>\n\n\n\n<div class=\"wp-block-uagb-separator uagb-block-ba06bc84\"><div class=\"uagb-separator-spacing-wrapper\"><div class=\"wp-block-uagb-separator__inner\" style=\"--my-background-image:\"><\/div><\/div><\/div>\n\n\n\n<div class=\"wp-block-media-text is-stacked-on-mobile has-border-color has-ast-global-color-6-border-color has-white-background-color has-background\" style=\"border-width:21px\"><figure class=\"wp-block-media-text__media\"><img loading=\"lazy\" decoding=\"async\" width=\"1024\" height=\"1024\" src=\"https:\/\/m.centralhoteles.site\/wp-content\/uploads\/2026\/02\/Mayordomo-1-1024x1024.jpg\" alt=\"\" class=\"wp-image-313 size-full\" srcset=\"https:\/\/m.centralhoteles.site\/wp-content\/uploads\/2026\/02\/Mayordomo-1-1024x1024.jpg 1024w, https:\/\/m.centralhoteles.site\/wp-content\/uploads\/2026\/02\/Mayordomo-1-300x300.jpg 300w, https:\/\/m.centralhoteles.site\/wp-content\/uploads\/2026\/02\/Mayordomo-1-150x150.jpg 150w, https:\/\/m.centralhoteles.site\/wp-content\/uploads\/2026\/02\/Mayordomo-1-768x768.jpg 768w, https:\/\/m.centralhoteles.site\/wp-content\/uploads\/2026\/02\/Mayordomo-1.jpg 1080w\" sizes=\"auto, (max-width: 1024px) 100vw, 1024px\" \/><\/figure><div class=\"wp-block-media-text__content\">\n<div class=\"wp-block-uagb-advanced-heading uagb-block-bd224945\"><div class=\"uagb-heading-text\">Con tan s\u00f3lo presionar un bot\u00f3n en el tel\u00e9fono de su habitaci\u00f3n, recibir\u00e1 atenci\u00f3n personalizada las 24 horas del d\u00eda para cualquier necesidad, desde servicio a la habitaci\u00f3n hasta reserva de tours.<br><br>Nuestros Mayordomos personifican nuestra cultura de servicio, teniendo siempre presente que nuestros hu\u00e9spedes son lo m\u00e1s importante y su satisfacci\u00f3n es nuestra finalidad.<br><br>\u2022 Asistencia desempacado y empacado de equipaje<br>\u2022 Reservaciones y recomendaciones:<br>\u2713 Tours<br>\u2713 Experiencias<br>\u2713 Eventos<br>\u2713 Espect\u00e1culos<br>\u2713 Restaurantes<br>\u2022 Compras<br>\u2022 Hospitalidad hecha a la medida.<\/div><\/div>\n<\/div><\/div>\n\n\n\n<div class=\"wp-block-uagb-separator uagb-block-ff28db2e\"><div class=\"uagb-separator-spacing-wrapper\"><div class=\"wp-block-uagb-separator__inner\" style=\"--my-background-image:\"><\/div><\/div><\/div>\n\n\n\n<div class=\"wp-block-media-text is-stacked-on-mobile has-border-color has-ast-global-color-6-border-color\" style=\"border-width:21px;margin-top:0;margin-bottom:0;padding-top:0;padding-bottom:0\"><figure class=\"wp-block-media-text__media\"><img loading=\"lazy\" decoding=\"async\" width=\"1024\" height=\"1024\" src=\"https:\/\/m.centralhoteles.site\/wp-content\/uploads\/2026\/02\/Habitaciones-1024x1024.jpg\" alt=\"\" class=\"wp-image-316 size-full\" srcset=\"https:\/\/m.centralhoteles.site\/wp-content\/uploads\/2026\/02\/Habitaciones-1024x1024.jpg 1024w, https:\/\/m.centralhoteles.site\/wp-content\/uploads\/2026\/02\/Habitaciones-300x300.jpg 300w, https:\/\/m.centralhoteles.site\/wp-content\/uploads\/2026\/02\/Habitaciones-150x150.jpg 150w, https:\/\/m.centralhoteles.site\/wp-content\/uploads\/2026\/02\/Habitaciones-768x768.jpg 768w, https:\/\/m.centralhoteles.site\/wp-content\/uploads\/2026\/02\/Habitaciones.jpg 1080w\" sizes=\"auto, (max-width: 1024px) 100vw, 1024px\" \/><\/figure><div class=\"wp-block-media-text__content\">\n<div class=\"wp-block-uagb-advanced-heading uagb-block-a6ca2ab4\"><div class=\"uagb-heading-text\">La limpieza se realiza cuando la habitaci\u00f3n se encuentra vac\u00eda con el fin de garantizar su comodidad. Puede colocar el letrero de \u201cLimpiar Habitaci\u00f3n\u201d en su puerta para indicar que es posible realizarla, o bien, solicitarla en un horario espec\u00edfico contactando a su Mayordomo.<br>&nbsp;<br>Servicios de lavander\u00eda y tintorer\u00eda disponibles bajo solicitud, con cargo adicional.<br><br>Plancha y tabla de planchado disponibles en su closet.<\/div><\/div>\n<\/div><\/div>\n\n\n\n<div class=\"wp-block-uagb-separator uagb-block-11cd7c3e\"><div class=\"uagb-separator-spacing-wrapper\"><div class=\"wp-block-uagb-separator__inner\" style=\"--my-background-image:\"><\/div><\/div><\/div>\n\n\n\n<div class=\"wp-block-media-text is-stacked-on-mobile has-border-color has-ast-global-color-6-border-color\" style=\"border-width:21px;margin-top:0;margin-bottom:0;padding-top:0;padding-bottom:0\"><figure class=\"wp-block-media-text__media\"><img loading=\"lazy\" decoding=\"async\" width=\"1024\" height=\"1024\" src=\"https:\/\/m.centralhoteles.site\/wp-content\/uploads\/2026\/02\/Politica-de-no-fumar-1024x1024.jpg\" alt=\"\" class=\"wp-image-317 size-full\" srcset=\"https:\/\/m.centralhoteles.site\/wp-content\/uploads\/2026\/02\/Politica-de-no-fumar-1024x1024.jpg 1024w, https:\/\/m.centralhoteles.site\/wp-content\/uploads\/2026\/02\/Politica-de-no-fumar-300x300.jpg 300w, https:\/\/m.centralhoteles.site\/wp-content\/uploads\/2026\/02\/Politica-de-no-fumar-150x150.jpg 150w, https:\/\/m.centralhoteles.site\/wp-content\/uploads\/2026\/02\/Politica-de-no-fumar-768x768.jpg 768w, https:\/\/m.centralhoteles.site\/wp-content\/uploads\/2026\/02\/Politica-de-no-fumar.jpg 1080w\" sizes=\"auto, (max-width: 1024px) 100vw, 1024px\" \/><\/figure><div class=\"wp-block-media-text__content\">\n<div class=\"wp-block-uagb-advanced-heading uagb-block-854a55c3\"><div class=\"uagb-heading-text\">El restaurante Balc\u00f3n del Z\u00f3calo y el hotel Z\u00f3calo Central son libres de humo, por lo que est\u00e1 prohibido fumar dentro de sus instalaciones.<br>&nbsp;<br>En caso de incumplir con esta normativa, el Hotel podr\u00e1 realizar un cargo de <br>100 USD por trabajos de limpieza y desodorizaci\u00f3n especializados.<\/div><\/div>\n<\/div><\/div>\n\n\n\n<div class=\"wp-block-uagb-separator uagb-block-7cc5029e\"><div class=\"uagb-separator-spacing-wrapper\"><div class=\"wp-block-uagb-separator__inner\" style=\"--my-background-image:\"><\/div><\/div><\/div>\n\n\n\n<div class=\"wp-block-media-text is-stacked-on-mobile has-border-color has-ast-global-color-6-border-color\" style=\"border-width:21px;margin-top:0;margin-bottom:0;padding-top:0;padding-bottom:0\"><figure class=\"wp-block-media-text__media\"><img loading=\"lazy\" decoding=\"async\" width=\"1024\" height=\"1024\" src=\"https:\/\/m.centralhoteles.site\/wp-content\/uploads\/2026\/02\/Check-Out-3-1024x1024.jpg\" alt=\"\" class=\"wp-image-318 size-full\" srcset=\"https:\/\/m.centralhoteles.site\/wp-content\/uploads\/2026\/02\/Check-Out-3-1024x1024.jpg 1024w, https:\/\/m.centralhoteles.site\/wp-content\/uploads\/2026\/02\/Check-Out-3-300x300.jpg 300w, https:\/\/m.centralhoteles.site\/wp-content\/uploads\/2026\/02\/Check-Out-3-150x150.jpg 150w, https:\/\/m.centralhoteles.site\/wp-content\/uploads\/2026\/02\/Check-Out-3-768x768.jpg 768w, https:\/\/m.centralhoteles.site\/wp-content\/uploads\/2026\/02\/Check-Out-3.jpg 1080w\" sizes=\"auto, (max-width: 1024px) 100vw, 1024px\" \/><\/figure><div class=\"wp-block-media-text__content\">\n<div class=\"wp-block-uagb-advanced-heading uagb-block-3689af52\"><div class=\"uagb-heading-text\">Su Mayordomo estar\u00e1 encantado de asistirle empacando su equipaje y coordinando cada detalle de su salida. Le recordamos que la hora de check-out es a las <br>12:00 p.m.<br>&nbsp;<br>Si desea disfrutar por m\u00e1s tiempo de la comodidad de su habitaci\u00f3n, ponemos a su disposici\u00f3n las siguientes opciones de late check-out, sujetas a disponibilidad:<br>&nbsp;<br>$800 MXN hasta las 04:00 p.m. (impuestos incluidos)<br>$1,470 MXN hasta las 06:00 p.m. (impuestos incluidos)<br>&nbsp;<br>Le invitamos a consultar con su Mayordomo la disponibilidad y realizar los arreglos correspondientes.<br>&nbsp;<br>Para su mayor comodidad, contamos con servicio de resguardo de equipaje sin costo, disponible las 24 horas del d\u00eda.<\/div><\/div>\n<\/div><\/div>\n\n\n\n<div class=\"wp-block-uagb-separator uagb-block-9a33adb2\"><div class=\"uagb-separator-spacing-wrapper\"><div class=\"wp-block-uagb-separator__inner\" style=\"--my-background-image:\"><\/div><\/div><\/div>\n\n\n\n<div class=\"wp-block-uagb-advanced-heading uagb-block-20433459\"><h1 class=\"uagb-heading-text\">Hotel Hist\u00f3rico Central<\/h1><\/div>\n\n\n\n<div class=\"wp-block-uagb-separator uagb-block-c5953e2d\"><div class=\"wp-block-uagb-separator__inner\" style=\"--my-background-image:\"><\/div><\/div>\n\n\n\n<figure class=\"wp-block-gallery has-nested-images columns-default is-cropped wp-block-gallery-2 is-layout-flex wp-block-gallery-is-layout-flex\">\n<figure class=\"wp-block-image size-full has-custom-border is-style-default\"><img loading=\"lazy\" decoding=\"async\" width=\"2560\" height=\"2560\" data-id=\"616\" src=\"https:\/\/m.centralhoteles.site\/wp-content\/uploads\/2026\/02\/HHC-edited-scaled.jpg\" alt=\"\" class=\"has-border-color has-black-border-color wp-image-616\" style=\"border-width:11px\" srcset=\"https:\/\/m.centralhoteles.site\/wp-content\/uploads\/2026\/02\/HHC-edited-scaled.jpg 2560w, https:\/\/m.centralhoteles.site\/wp-content\/uploads\/2026\/02\/HHC-edited-300x300.jpg 300w, https:\/\/m.centralhoteles.site\/wp-content\/uploads\/2026\/02\/HHC-edited-1024x1024.jpg 1024w, https:\/\/m.centralhoteles.site\/wp-content\/uploads\/2026\/02\/HHC-edited-150x150.jpg 150w, https:\/\/m.centralhoteles.site\/wp-content\/uploads\/2026\/02\/HHC-edited-768x768.jpg 768w, https:\/\/m.centralhoteles.site\/wp-content\/uploads\/2026\/02\/HHC-edited-1536x1536.jpg 1536w, https:\/\/m.centralhoteles.site\/wp-content\/uploads\/2026\/02\/HHC-edited-2048x2048.jpg 2048w\" sizes=\"auto, (max-width: 2560px) 100vw, 2560px\" \/><\/figure>\n\n\n\n<figure class=\"wp-block-image size-full has-custom-border is-style-default\"><img loading=\"lazy\" decoding=\"async\" width=\"940\" height=\"705\" data-id=\"614\" src=\"https:\/\/m.centralhoteles.site\/wp-content\/uploads\/2026\/02\/HHC2-1.jpg\" alt=\"\" class=\"has-border-color has-black-border-color wp-image-614\" style=\"border-width:11px\" srcset=\"https:\/\/m.centralhoteles.site\/wp-content\/uploads\/2026\/02\/HHC2-1.jpg 940w, https:\/\/m.centralhoteles.site\/wp-content\/uploads\/2026\/02\/HHC2-1-300x225.jpg 300w, https:\/\/m.centralhoteles.site\/wp-content\/uploads\/2026\/02\/HHC2-1-768x576.jpg 768w\" sizes=\"auto, (max-width: 940px) 100vw, 940px\" \/><\/figure>\n\n\n\n<figure class=\"wp-block-image size-full has-custom-border is-style-default\"><img loading=\"lazy\" decoding=\"async\" width=\"436\" height=\"436\" data-id=\"615\" src=\"https:\/\/m.centralhoteles.site\/wp-content\/uploads\/2026\/02\/HHC1-2.jpg\" alt=\"\" class=\"has-border-color has-black-border-color wp-image-615\" style=\"border-width:11px\" srcset=\"https:\/\/m.centralhoteles.site\/wp-content\/uploads\/2026\/02\/HHC1-2.jpg 436w, https:\/\/m.centralhoteles.site\/wp-content\/uploads\/2026\/02\/HHC1-2-300x300.jpg 300w, https:\/\/m.centralhoteles.site\/wp-content\/uploads\/2026\/02\/HHC1-2-150x150.jpg 150w\" sizes=\"auto, (max-width: 436px) 100vw, 436px\" \/><\/figure>\n<\/figure>\n\n\n\n<div class=\"wp-block-uagb-separator uagb-block-881b6537\"><div class=\"wp-block-uagb-separator__inner\" style=\"--my-background-image:\"><\/div><\/div>\n\n\n\n<div class=\"wp-block-uagb-separator uagb-block-c5908484\"><div class=\"wp-block-uagb-separator__inner\" style=\"--my-background-image:\"><\/div><\/div>\n\n\n\n<div class=\"wp-block-media-text is-stacked-on-mobile has-border-color has-ast-global-color-6-border-color\" style=\"border-width:21px;margin-top:0;margin-bottom:0;padding-top:0;padding-bottom:0\"><figure class=\"wp-block-media-text__media\"><img loading=\"lazy\" decoding=\"async\" width=\"1024\" height=\"1024\" src=\"https:\/\/m.centralhoteles.site\/wp-content\/uploads\/2026\/02\/Mayordomo-1-1024x1024.jpg\" alt=\"\" class=\"wp-image-313 size-full\" srcset=\"https:\/\/m.centralhoteles.site\/wp-content\/uploads\/2026\/02\/Mayordomo-1-1024x1024.jpg 1024w, https:\/\/m.centralhoteles.site\/wp-content\/uploads\/2026\/02\/Mayordomo-1-300x300.jpg 300w, https:\/\/m.centralhoteles.site\/wp-content\/uploads\/2026\/02\/Mayordomo-1-150x150.jpg 150w, https:\/\/m.centralhoteles.site\/wp-content\/uploads\/2026\/02\/Mayordomo-1-768x768.jpg 768w, https:\/\/m.centralhoteles.site\/wp-content\/uploads\/2026\/02\/Mayordomo-1.jpg 1080w\" sizes=\"auto, (max-width: 1024px) 100vw, 1024px\" \/><\/figure><div class=\"wp-block-media-text__content\">\n<div class=\"wp-block-uagb-advanced-heading uagb-block-6aa254f9\"><div class=\"uagb-heading-text\">Con tan s\u00f3lo presionar un bot\u00f3n en el tel\u00e9fono de su habitaci\u00f3n, recibir\u00e1 atenci\u00f3n personalizada las 24 horas del d\u00eda para cualquier necesidad, desde servicio a la habitaci\u00f3n hasta reserva de tours.<br>&nbsp;<br>Nuestros mayordomos personifican nuestra cultura de servicio, teniendo siempre presente que nuestros hu\u00e9spedes son lo m\u00e1s importante y su satisfacci\u00f3n es nuestra finalidad.<br>&nbsp;<br>\u2022 Asistencia desempacado y empacado de equipaje<br>\u2022 Reservaciones y recomendaciones:<br>\u2713 Tours<br>\u2713 Experiencias<br>\u2713 Eventos<br>\u2713 Espect\u00e1culos<br>\u2713 Restaurantes<br>\u2022 Compras<br>\u2022 Hospitalidad hecha a la medida.<\/div><\/div>\n<\/div><\/div>\n\n\n\n<div class=\"wp-block-uagb-separator uagb-block-ac48da2a\"><div class=\"uagb-separator-spacing-wrapper\"><div class=\"wp-block-uagb-separator__inner\" style=\"--my-background-image:\"><\/div><\/div><\/div>\n\n\n\n<div class=\"wp-block-media-text is-stacked-on-mobile has-border-color has-ast-global-color-6-border-color\" style=\"border-width:21px;margin-top:0;margin-bottom:0;padding-top:0;padding-bottom:0\"><figure class=\"wp-block-media-text__media\"><img loading=\"lazy\" decoding=\"async\" width=\"1024\" height=\"1024\" src=\"https:\/\/m.centralhoteles.site\/wp-content\/uploads\/2026\/02\/Habitaciones-1-1024x1024.jpg\" alt=\"\" class=\"wp-image-547 size-full\" srcset=\"https:\/\/m.centralhoteles.site\/wp-content\/uploads\/2026\/02\/Habitaciones-1-1024x1024.jpg 1024w, https:\/\/m.centralhoteles.site\/wp-content\/uploads\/2026\/02\/Habitaciones-1-300x300.jpg 300w, https:\/\/m.centralhoteles.site\/wp-content\/uploads\/2026\/02\/Habitaciones-1-150x150.jpg 150w, https:\/\/m.centralhoteles.site\/wp-content\/uploads\/2026\/02\/Habitaciones-1-768x768.jpg 768w, https:\/\/m.centralhoteles.site\/wp-content\/uploads\/2026\/02\/Habitaciones-1.jpg 1080w\" sizes=\"auto, (max-width: 1024px) 100vw, 1024px\" \/><\/figure><div class=\"wp-block-media-text__content\">\n<div class=\"wp-block-uagb-advanced-heading uagb-block-67a93461\"><div class=\"uagb-heading-text\">La limpieza se realiza cuando la habitaci\u00f3n se encuentra vac\u00eda con el fin de garantizar su comodidad. Puede colocar el letrero de \u201cLimpiar Habitaci\u00f3n\u201d en su puerta para indicar que es posible realizarla, o bien, solicitarla en un horario espec\u00edfico contactando a su Mayordomo.<br>&nbsp;<br>Servicios de lavander\u00eda y tintorer\u00eda disponibles bajo solicitud, con cargo adicional.<br>&nbsp;<br>Plancha y tabla de planchado disponibles en su closet.<\/div><\/div>\n<\/div><\/div>\n\n\n\n<div class=\"wp-block-uagb-separator uagb-block-85ad5c0e\"><div class=\"uagb-separator-spacing-wrapper\"><div class=\"wp-block-uagb-separator__inner\" style=\"--my-background-image:\"><\/div><\/div><\/div>\n\n\n\n<div class=\"wp-block-media-text is-stacked-on-mobile has-border-color has-ast-global-color-6-border-color\" style=\"border-width:21px;margin-top:0;margin-bottom:0;padding-top:0;padding-bottom:0\"><figure class=\"wp-block-media-text__media\"><img loading=\"lazy\" decoding=\"async\" width=\"1024\" height=\"1024\" src=\"https:\/\/m.centralhoteles.site\/wp-content\/uploads\/2026\/02\/Politica-de-no-fumar-1024x1024.jpg\" alt=\"\" class=\"wp-image-317 size-full\" srcset=\"https:\/\/m.centralhoteles.site\/wp-content\/uploads\/2026\/02\/Politica-de-no-fumar-1024x1024.jpg 1024w, https:\/\/m.centralhoteles.site\/wp-content\/uploads\/2026\/02\/Politica-de-no-fumar-300x300.jpg 300w, https:\/\/m.centralhoteles.site\/wp-content\/uploads\/2026\/02\/Politica-de-no-fumar-150x150.jpg 150w, https:\/\/m.centralhoteles.site\/wp-content\/uploads\/2026\/02\/Politica-de-no-fumar-768x768.jpg 768w, https:\/\/m.centralhoteles.site\/wp-content\/uploads\/2026\/02\/Politica-de-no-fumar.jpg 1080w\" sizes=\"auto, (max-width: 1024px) 100vw, 1024px\" \/><\/figure><div class=\"wp-block-media-text__content\">\n<div class=\"wp-block-uagb-advanced-heading uagb-block-6260b7a4\"><div class=\"uagb-heading-text\">El Hotel Hist\u00f3rico Central es libre de humo por lo que est\u00e1 prohibido fumar dentro de sus instalaciones.<br>&nbsp;<br>En caso de incumplir con esta normativa, el Hotel podr\u00e1 realizar un cargo de <br>100 USD por trabajos de limpieza y desodorizaci\u00f3n especializados.<\/div><\/div>\n<\/div><\/div>\n\n\n\n<div class=\"wp-block-uagb-separator uagb-block-4ef99406\"><div class=\"uagb-separator-spacing-wrapper\"><div class=\"wp-block-uagb-separator__inner\" style=\"--my-background-image:\"><\/div><\/div><\/div>\n\n\n\n<div class=\"wp-block-uagb-separator uagb-block-00111a01\"><div class=\"uagb-separator-spacing-wrapper\"><div class=\"wp-block-uagb-separator__inner\" style=\"--my-background-image:\"><\/div><\/div><\/div>\n\n\n\n<div class=\"wp-block-media-text is-stacked-on-mobile has-border-color has-ast-global-color-6-border-color\" style=\"border-width:21px;margin-top:0;margin-bottom:0;padding-top:0;padding-bottom:0\"><figure class=\"wp-block-media-text__media\"><img loading=\"lazy\" decoding=\"async\" width=\"1024\" height=\"1024\" src=\"https:\/\/m.centralhoteles.site\/wp-content\/uploads\/2026\/02\/Check-Out-3-1024x1024.jpg\" alt=\"\" class=\"wp-image-318 size-full\" srcset=\"https:\/\/m.centralhoteles.site\/wp-content\/uploads\/2026\/02\/Check-Out-3-1024x1024.jpg 1024w, https:\/\/m.centralhoteles.site\/wp-content\/uploads\/2026\/02\/Check-Out-3-300x300.jpg 300w, https:\/\/m.centralhoteles.site\/wp-content\/uploads\/2026\/02\/Check-Out-3-150x150.jpg 150w, https:\/\/m.centralhoteles.site\/wp-content\/uploads\/2026\/02\/Check-Out-3-768x768.jpg 768w, https:\/\/m.centralhoteles.site\/wp-content\/uploads\/2026\/02\/Check-Out-3.jpg 1080w\" sizes=\"auto, (max-width: 1024px) 100vw, 1024px\" \/><\/figure><div class=\"wp-block-media-text__content\">\n<div class=\"wp-block-uagb-advanced-heading uagb-block-ff1882e9\"><div class=\"uagb-heading-text\">Su Mayordomo estar\u00e1 encantado de asistirle empacando su equipaje y coordinando cada detalle de su salida. Le recordamos que la hora de check-out es a las 12:00 p.m.<br>&nbsp;<br>Si desea disfrutar por m\u00e1s tiempo de la comodidad de su habitaci\u00f3n, ponemos a su disposici\u00f3n las siguientes opciones de late check-out, sujetas a disponibilidad:<br>&nbsp;<br>$800 MXN hasta las 04:00 p.m. (impuestos incluidos)<br>$1,470 MXN hasta las 06:00 p.m. (impuestos incluidos)<br><br>Le invitamos a consultar con su Mayordomo la disponibilidad y realizar los arreglos correspondientes.<br>&nbsp;<br>Para su mayor comodidad, contamos con servicio de resguardo de equipaje sin costo, disponible las 24 horas del d\u00eda.<\/div><\/div>\n<\/div><\/div>\n\n\n\n<div class=\"wp-block-uagb-separator uagb-block-aaf44ce3\"><div class=\"uagb-separator-spacing-wrapper\"><div class=\"wp-block-uagb-separator__inner\" style=\"--my-background-image:\"><\/div><\/div><\/div>\n\n\n\n<p><\/p>\n","protected":false},"excerpt":{"rendered":"<p>Hotel Z\u00f3calo Central Hotel Hist\u00f3rico Central<\/p>\n","protected":false},"author":1,"featured_media":0,"parent":0,"menu_order":0,"comment_status":"closed","ping_status":"closed","template":"","meta":{"_uag_custom_page_level_css":"","site-sidebar-layout":"default","site-content-layout":"","ast-site-content-layout":"default","site-content-style":"default","site-sidebar-style":"default","ast-global-header-display":"","ast-banner-title-visibility":"","ast-main-header-display":"","ast-hfb-above-header-display":"","ast-hfb-below-header-display":"","ast-hfb-mobile-header-display":"","site-post-title":"disabled","ast-breadcrumbs-content":"","ast-featured-img":"","footer-sml-layout":"","ast-disable-related-posts":"","theme-transparent-header-meta":"","adv-header-id-meta":"","stick-header-meta":"","header-above-stick-meta":"","header-main-stick-meta":"","header-below-stick-meta":"","astra-migrate-meta-layouts":"default","ast-page-background-enabled":"default","ast-page-background-meta":{"desktop":{"background-color":"var(--ast-global-color-5)","background-image":"","background-repeat":"repeat","background-position":"center center","background-size":"auto","background-attachment":"scroll","background-type":"","background-media":"","overlay-type":"","overlay-color":"","overlay-opacity":"","overlay-gradient":""},"tablet":{"background-color":"","background-image":"","background-repeat":"repeat","background-position":"center center","background-size":"auto","background-attachment":"scroll","background-type":"","background-media":"","overlay-type":"","overlay-color":"","overlay-opacity":"","overlay-gradient":""},"mobile":{"background-color":"","background-image":"","background-repeat":"repeat","background-position":"center center","background-size":"auto","background-attachment":"scroll","background-type":"","background-media":"","overlay-type":"","overlay-color":"","overlay-opacity":"","overlay-gradient":""}},"ast-content-background-meta":{"desktop":{"background-color":"var(--ast-global-color-4)","background-image":"","background-repeat":"repeat","background-position":"center center","background-size":"auto","background-attachment":"scroll","background-type":"","background-media":"","overlay-type":"","overlay-color":"","overlay-opacity":"","overlay-gradient":""},"tablet":{"background-color":"var(--ast-global-color-4)","background-image":"","background-repeat":"repeat","background-position":"center center","background-size":"auto","background-attachment":"scroll","background-type":"","background-media":"","overlay-type":"","overlay-color":"","overlay-opacity":"","overlay-gradient":""},"mobile":{"background-color":"var(--ast-global-color-4)","background-image":"","background-repeat":"repeat","background-position":"center center","background-size":"auto","background-attachment":"scroll","background-type":"","background-media":"","overlay-type":"","overlay-color":"","overlay-opacity":"","overlay-gradient":""}},"footnotes":""},"class_list":["post-31","page","type-page","status-publish","hentry"],"uagb_featured_image_src":{"full":false,"thumbnail":false,"medium":false,"medium_large":false,"large":false,"1536x1536":false,"2048x2048":false},"uagb_author_info":{"display_name":"admin","author_link":"https:\/\/m.centralhoteles.site\/index.php\/author\/admin\/"},"uagb_comment_info":0,"uagb_excerpt":"Hotel Z\u00f3calo Central Hotel Hist\u00f3rico Central","_links":{"self":[{"href":"https:\/\/m.centralhoteles.site\/index.php\/wp-json\/wp\/v2\/pages\/31","targetHints":{"allow":["GET"]}}],"collection":[{"href":"https:\/\/m.centralhoteles.site\/index.php\/wp-json\/wp\/v2\/pages"}],"about":[{"href":"https:\/\/m.centralhoteles.site\/index.php\/wp-json\/wp\/v2\/types\/page"}],"author":[{"embeddable":true,"href":"https:\/\/m.centralhoteles.site\/index.php\/wp-json\/wp\/v2\/users\/1"}],"replies":[{"embeddable":true,"href":"https:\/\/m.centralhoteles.site\/index.php\/wp-json\/wp\/v2\/comments?post=31"}],"version-history":[{"count":64,"href":"https:\/\/m.centralhoteles.site\/index.php\/wp-json\/wp\/v2\/pages\/31\/revisions"}],"predecessor-version":[{"id":623,"href":"https:\/\/m.centralhoteles.site\/index.php\/wp-json\/wp\/v2\/pages\/31\/revisions\/623"}],"wp:attachment":[{"href":"https:\/\/m.centralhoteles.site\/index.php\/wp-json\/wp\/v2\/media?parent=31"}],"curies":[{"name":"wp","href":"https:\/\/api.w.org\/{rel}","templated":true}]}}