{"id":32,"date":"2026-02-09T19:29:14","date_gmt":"2026-02-09T19:29:14","guid":{"rendered":"https:\/\/m.centralhoteles.site\/?page_id=32"},"modified":"2026-02-26T19:18:23","modified_gmt":"2026-02-26T19:18:23","slug":"restaurante","status":"publish","type":"page","link":"https:\/\/m.centralhoteles.site\/index.php\/restaurante\/","title":{"rendered":"Restaurante"},"content":{"rendered":"\n<div class=\"wp-block-uagb-separator uagb-block-82e41ab6\"><div class=\"wp-block-uagb-separator__inner\" style=\"--my-background-image:\"><\/div><\/div>\n\n\n\n<div class=\"wp-block-uagb-advanced-heading uagb-block-e2a307e4\"><h1 class=\"uagb-heading-text\">Balc\u00f3n del Z\u00f3calo<\/h1><\/div>\n\n\n\n<div class=\"wp-block-uagb-separator uagb-block-8b6b4ae3\"><div class=\"wp-block-uagb-separator__inner\" style=\"--my-background-image:\"><\/div><\/div>\n\n\n\n<div class=\"wp-block-uagb-separator uagb-block-4457fe63\"><div class=\"wp-block-uagb-separator__inner\" style=\"--my-background-image:\"><\/div><\/div>\n\n\n\n<div class=\"wp-block-media-text is-stacked-on-mobile has-border-color has-ast-global-color-6-border-color\" style=\"border-width:21px;margin-top:0;margin-bottom:0;padding-top:0;padding-bottom:0\"><figure class=\"wp-block-media-text__media\"><img loading=\"lazy\" decoding=\"async\" width=\"1024\" height=\"909\" src=\"https:\/\/m.centralhoteles.site\/wp-content\/uploads\/2026\/02\/Imagen-1-1-1024x909.jpg\" alt=\"\" class=\"wp-image-662 size-full\" srcset=\"https:\/\/m.centralhoteles.site\/wp-content\/uploads\/2026\/02\/Imagen-1-1-1024x909.jpg 1024w, https:\/\/m.centralhoteles.site\/wp-content\/uploads\/2026\/02\/Imagen-1-1-300x266.jpg 300w, https:\/\/m.centralhoteles.site\/wp-content\/uploads\/2026\/02\/Imagen-1-1-768x682.jpg 768w, https:\/\/m.centralhoteles.site\/wp-content\/uploads\/2026\/02\/Imagen-1-1.jpg 1216w\" sizes=\"auto, (max-width: 1024px) 100vw, 1024px\" \/><\/figure><div class=\"wp-block-media-text__content\">\n<div class=\"wp-block-uagb-advanced-heading uagb-block-854a55c3\"><div class=\"uagb-heading-text\">Ubicado en el sexto piso del Hotel Z\u00f3calo Central, es un restaurante de cocina mexicana contempor\u00e1nea donde el chef Pepe Salinas y su equipo han logrado una reinvenci\u00f3n de la gastronom\u00eda nacional. <br><br>Aqu\u00ed, los ingredientes ocupan el lugar central, fusionando las t\u00e9cnicas culinarias modernas con los sabores tradicionales provenientes de diversas regiones de M\u00e9xico.<br><br><strong>Horarios:<\/strong><br>Desayuno 9:00 am a 12 pm<br>Comida y Cena 1:00 pm a 9:00 pm<\/div><\/div>\n<\/div><\/div>\n\n\n\n<div class=\"wp-block-uagb-separator uagb-block-6da63c8c\"><div class=\"uagb-separator-spacing-wrapper\"><div class=\"wp-block-uagb-separator__inner\" style=\"--my-background-image:\"><\/div><\/div><\/div>\n\n\n\n<figure class=\"wp-block-gallery has-nested-images columns-default is-cropped wp-block-gallery-1 is-layout-flex wp-block-gallery-is-layout-flex\">\n<figure class=\"wp-block-image size-full has-custom-border is-style-default\"><img loading=\"lazy\" decoding=\"async\" width=\"940\" height=\"788\" data-id=\"235\" src=\"https:\/\/m.centralhoteles.site\/wp-content\/uploads\/2026\/02\/Balcon-del-zocalo-5.jpg\" alt=\"\" class=\"has-border-color has-black-border-color wp-image-235\" style=\"border-width:11px\" srcset=\"https:\/\/m.centralhoteles.site\/wp-content\/uploads\/2026\/02\/Balcon-del-zocalo-5.jpg 940w, https:\/\/m.centralhoteles.site\/wp-content\/uploads\/2026\/02\/Balcon-del-zocalo-5-300x251.jpg 300w, https:\/\/m.centralhoteles.site\/wp-content\/uploads\/2026\/02\/Balcon-del-zocalo-5-768x644.jpg 768w\" sizes=\"auto, (max-width: 940px) 100vw, 940px\" \/><\/figure>\n\n\n\n<figure class=\"wp-block-image size-large has-custom-border is-style-default\"><img loading=\"lazy\" decoding=\"async\" width=\"682\" height=\"768\" data-id=\"343\" src=\"https:\/\/m.centralhoteles.site\/wp-content\/uploads\/2026\/02\/1.jpg\" alt=\"\" class=\"has-border-color has-black-border-color wp-image-343\" style=\"border-width:11px\" srcset=\"https:\/\/m.centralhoteles.site\/wp-content\/uploads\/2026\/02\/1.jpg 682w, https:\/\/m.centralhoteles.site\/wp-content\/uploads\/2026\/02\/1-266x300.jpg 266w\" sizes=\"auto, (max-width: 682px) 100vw, 682px\" \/><\/figure>\n\n\n\n<figure class=\"wp-block-image size-large has-custom-border is-style-default\"><img loading=\"lazy\" decoding=\"async\" width=\"940\" height=\"788\" data-id=\"242\" src=\"https:\/\/m.centralhoteles.site\/wp-content\/uploads\/2026\/02\/Balcon-del-zocalo-7.jpg\" alt=\"\" class=\"has-border-color has-black-border-color wp-image-242\" style=\"border-width:11px\" srcset=\"https:\/\/m.centralhoteles.site\/wp-content\/uploads\/2026\/02\/Balcon-del-zocalo-7.jpg 940w, https:\/\/m.centralhoteles.site\/wp-content\/uploads\/2026\/02\/Balcon-del-zocalo-7-300x251.jpg 300w, https:\/\/m.centralhoteles.site\/wp-content\/uploads\/2026\/02\/Balcon-del-zocalo-7-768x644.jpg 768w\" sizes=\"auto, (max-width: 940px) 100vw, 940px\" \/><\/figure>\n<\/figure>\n\n\n\n<div class=\"wp-block-uagb-separator uagb-block-9a33adb2\"><div class=\"uagb-separator-spacing-wrapper\"><div class=\"wp-block-uagb-separator__inner\" style=\"--my-background-image:\"><\/div><\/div><\/div>\n\n\n\n<div class=\"wp-block-uagb-advanced-heading uagb-block-cf4c0f3f\"><h1 class=\"uagb-heading-text\">Taco Tasting Room<\/h1><\/div>\n\n\n\n<div class=\"wp-block-uagb-container uagb-block-d5daad25 alignfull uagb-is-root-container\"><div class=\"uagb-container-inner-blocks-wrap\">\n<div class=\"wp-block-uagb-separator uagb-block-7f159223\"><div class=\"wp-block-uagb-separator__inner\" style=\"--my-background-image:\"><\/div><\/div>\n\n\n\n<div class=\"wp-block-media-text is-stacked-on-mobile has-border-color has-ast-global-color-6-border-color\" style=\"border-width:21px;margin-top:0;margin-bottom:0;padding-top:0;padding-bottom:0\"><figure class=\"wp-block-media-text__media\"><img loading=\"lazy\" decoding=\"async\" width=\"1024\" height=\"1024\" src=\"https:\/\/m.centralhoteles.site\/wp-content\/uploads\/2026\/02\/Imagen-1-1024x1024.jpg\" alt=\"\" class=\"wp-image-656 size-full\" srcset=\"https:\/\/m.centralhoteles.site\/wp-content\/uploads\/2026\/02\/Imagen-1-1024x1024.jpg 1024w, https:\/\/m.centralhoteles.site\/wp-content\/uploads\/2026\/02\/Imagen-1-300x300.jpg 300w, https:\/\/m.centralhoteles.site\/wp-content\/uploads\/2026\/02\/Imagen-1-150x150.jpg 150w, https:\/\/m.centralhoteles.site\/wp-content\/uploads\/2026\/02\/Imagen-1-768x768.jpg 768w, https:\/\/m.centralhoteles.site\/wp-content\/uploads\/2026\/02\/Imagen-1.jpg 1080w\" sizes=\"auto, (max-width: 1024px) 100vw, 1024px\" \/><\/figure><div class=\"wp-block-media-text__content\">\n<div class=\"wp-block-uagb-advanced-heading uagb-block-7562c120\"><div class=\"uagb-heading-text\">Es una barra \u00edntima para 14 personas donde el taco es una idea. Sin trompo ni ruido de calle.<br><br>Es un men\u00fa degustaci\u00f3n fijo de 13 tiempos donde el chef Pepe Salinas gu\u00eda una narrativa del presente.<br><br><strong>El ritmo lo marca la barra en tres horarios: <\/strong><br>1:30 pm, 4:30 pm u 8:30 pm.<br><br><strong>Presenta tu llave del hotel y recibe una cortes\u00eda.<\/strong><br><br>Nos encontramos a un lado del Hotel Canada Central<\/div><\/div>\n<\/div><\/div>\n\n\n\n<figure class=\"wp-block-gallery has-nested-images columns-default is-cropped wp-block-gallery-2 is-layout-flex wp-block-gallery-is-layout-flex\">\n<figure class=\"wp-block-image size-large has-custom-border is-style-default\"><img loading=\"lazy\" decoding=\"async\" width=\"1024\" height=\"1024\" data-id=\"648\" src=\"https:\/\/m.centralhoteles.site\/wp-content\/uploads\/2026\/02\/Taco-tasting-room-2-1024x1024.jpg\" alt=\"\" class=\"has-border-color has-black-border-color wp-image-648\" style=\"border-width:11px\" srcset=\"https:\/\/m.centralhoteles.site\/wp-content\/uploads\/2026\/02\/Taco-tasting-room-2-1024x1024.jpg 1024w, https:\/\/m.centralhoteles.site\/wp-content\/uploads\/2026\/02\/Taco-tasting-room-2-300x300.jpg 300w, https:\/\/m.centralhoteles.site\/wp-content\/uploads\/2026\/02\/Taco-tasting-room-2-150x150.jpg 150w, https:\/\/m.centralhoteles.site\/wp-content\/uploads\/2026\/02\/Taco-tasting-room-2-768x768.jpg 768w, https:\/\/m.centralhoteles.site\/wp-content\/uploads\/2026\/02\/Taco-tasting-room-2.jpg 1319w\" sizes=\"auto, (max-width: 1024px) 100vw, 1024px\" \/><\/figure>\n\n\n\n<figure class=\"wp-block-image size-full has-custom-border is-style-default\"><img loading=\"lazy\" decoding=\"async\" width=\"752\" height=\"752\" data-id=\"647\" src=\"https:\/\/m.centralhoteles.site\/wp-content\/uploads\/2026\/02\/taco.webp\" alt=\"\" class=\"has-border-color has-black-border-color wp-image-647\" style=\"border-width:11px\" srcset=\"https:\/\/m.centralhoteles.site\/wp-content\/uploads\/2026\/02\/taco.webp 752w, https:\/\/m.centralhoteles.site\/wp-content\/uploads\/2026\/02\/taco-300x300.webp 300w, https:\/\/m.centralhoteles.site\/wp-content\/uploads\/2026\/02\/taco-150x150.webp 150w\" sizes=\"auto, (max-width: 752px) 100vw, 752px\" \/><\/figure>\n\n\n\n<figure class=\"wp-block-image size-large has-custom-border is-style-default\"><img loading=\"lazy\" decoding=\"async\" width=\"1024\" height=\"1024\" data-id=\"650\" src=\"https:\/\/m.centralhoteles.site\/wp-content\/uploads\/2026\/02\/Taco-tasting-room-4-1024x1024.jpg\" alt=\"\" class=\"has-border-color has-black-border-color wp-image-650\" style=\"border-width:11px\" srcset=\"https:\/\/m.centralhoteles.site\/wp-content\/uploads\/2026\/02\/Taco-tasting-room-4-1024x1024.jpg 1024w, https:\/\/m.centralhoteles.site\/wp-content\/uploads\/2026\/02\/Taco-tasting-room-4-300x300.jpg 300w, https:\/\/m.centralhoteles.site\/wp-content\/uploads\/2026\/02\/Taco-tasting-room-4-150x150.jpg 150w, https:\/\/m.centralhoteles.site\/wp-content\/uploads\/2026\/02\/Taco-tasting-room-4-768x768.jpg 768w, https:\/\/m.centralhoteles.site\/wp-content\/uploads\/2026\/02\/Taco-tasting-room-4.jpg 1365w\" sizes=\"auto, (max-width: 1024px) 100vw, 1024px\" \/><\/figure>\n<\/figure>\n<\/div><\/div>\n\n\n\n<div class=\"wp-block-uagb-separator uagb-block-8dfa41fe\"><div class=\"uagb-separator-spacing-wrapper\"><div class=\"wp-block-uagb-separator__inner\" style=\"--my-background-image:\"><\/div><\/div><\/div>\n\n\n\n<p><\/p>\n","protected":false},"excerpt":{"rendered":"<p>Balc\u00f3n del Z\u00f3calo Taco Tasting Room Es una barra \u00edntima para 14 personas donde el taco es una idea. Sin [&hellip;]<\/p>\n","protected":false},"author":1,"featured_media":0,"parent":0,"menu_order":0,"comment_status":"closed","ping_status":"closed","template":"","meta":{"_uag_custom_page_level_css":"","site-sidebar-layout":"default","site-content-layout":"","ast-site-content-layout":"default","site-content-style":"default","site-sidebar-style":"default","ast-global-header-display":"","ast-banner-title-visibility":"","ast-main-header-display":"","ast-hfb-above-header-display":"","ast-hfb-below-header-display":"","ast-hfb-mobile-header-display":"","site-post-title":"disabled","ast-breadcrumbs-content":"","ast-featured-img":"","footer-sml-layout":"","ast-disable-related-posts":"","theme-transparent-header-meta":"","adv-header-id-meta":"","stick-header-meta":"","header-above-stick-meta":"","header-main-stick-meta":"","header-below-stick-meta":"","astra-migrate-meta-layouts":"default","ast-page-background-enabled":"default","ast-page-background-meta":{"desktop":{"background-color":"var(--ast-global-color-5)","background-image":"","background-repeat":"repeat","background-position":"center center","background-size":"auto","background-attachment":"scroll","background-type":"","background-media":"","overlay-type":"","overlay-color":"","overlay-opacity":"","overlay-gradient":""},"tablet":{"background-color":"","background-image":"","background-repeat":"repeat","background-position":"center center","background-size":"auto","background-attachment":"scroll","background-type":"","background-media":"","overlay-type":"","overlay-color":"","overlay-opacity":"","overlay-gradient":""},"mobile":{"background-color":"","background-image":"","background-repeat":"repeat","background-position":"center center","background-size":"auto","background-attachment":"scroll","background-type":"","background-media":"","overlay-type":"","overlay-color":"","overlay-opacity":"","overlay-gradient":""}},"ast-content-background-meta":{"desktop":{"background-color":"var(--ast-global-color-4)","background-image":"","background-repeat":"repeat","background-position":"center center","background-size":"auto","background-attachment":"scroll","background-type":"","background-media":"","overlay-type":"","overlay-color":"","overlay-opacity":"","overlay-gradient":""},"tablet":{"background-color":"var(--ast-global-color-4)","background-image":"","background-repeat":"repeat","background-position":"center center","background-size":"auto","background-attachment":"scroll","background-type":"","background-media":"","overlay-type":"","overlay-color":"","overlay-opacity":"","overlay-gradient":""},"mobile":{"background-color":"var(--ast-global-color-4)","background-image":"","background-repeat":"repeat","background-position":"center center","background-size":"auto","background-attachment":"scroll","background-type":"","background-media":"","overlay-type":"","overlay-color":"","overlay-opacity":"","overlay-gradient":""}},"footnotes":""},"class_list":["post-32","page","type-page","status-publish","hentry"],"uagb_featured_image_src":{"full":false,"thumbnail":false,"medium":false,"medium_large":false,"large":false,"1536x1536":false,"2048x2048":false},"uagb_author_info":{"display_name":"admin","author_link":"https:\/\/m.centralhoteles.site\/index.php\/author\/admin\/"},"uagb_comment_info":0,"uagb_excerpt":"Balc\u00f3n del Z\u00f3calo Taco Tasting Room Es una barra \u00edntima para 14 personas donde el taco es una idea. Sin [&hellip;]","_links":{"self":[{"href":"https:\/\/m.centralhoteles.site\/index.php\/wp-json\/wp\/v2\/pages\/32","targetHints":{"allow":["GET"]}}],"collection":[{"href":"https:\/\/m.centralhoteles.site\/index.php\/wp-json\/wp\/v2\/pages"}],"about":[{"href":"https:\/\/m.centralhoteles.site\/index.php\/wp-json\/wp\/v2\/types\/page"}],"author":[{"embeddable":true,"href":"https:\/\/m.centralhoteles.site\/index.php\/wp-json\/wp\/v2\/users\/1"}],"replies":[{"embeddable":true,"href":"https:\/\/m.centralhoteles.site\/index.php\/wp-json\/wp\/v2\/comments?post=32"}],"version-history":[{"count":35,"href":"https:\/\/m.centralhoteles.site\/index.php\/wp-json\/wp\/v2\/pages\/32\/revisions"}],"predecessor-version":[{"id":663,"href":"https:\/\/m.centralhoteles.site\/index.php\/wp-json\/wp\/v2\/pages\/32\/revisions\/663"}],"wp:attachment":[{"href":"https:\/\/m.centralhoteles.site\/index.php\/wp-json\/wp\/v2\/media?parent=32"}],"curies":[{"name":"wp","href":"https:\/\/api.w.org\/{rel}","templated":true}]}}